{"id":1494,"date":"2023-02-12T10:36:40","date_gmt":"2023-02-12T09:36:40","guid":{"rendered":"https:\/\/shexenhaeusle.de\/house1\/?page_id=1494"},"modified":"2026-01-27T17:21:11","modified_gmt":"2026-01-27T16:21:11","slug":"massagen","status":"publish","type":"page","link":"https:\/\/shexenhaeusle.de\/house1\/massagen\/","title":{"rendered":"Massagen"},"content":{"rendered":"\t\t<div data-elementor-type=\"wp-page\" data-elementor-id=\"1494\" class=\"elementor elementor-1494\">\n\t\t\t\t\t\t<section class=\"elementor-section elementor-top-section elementor-element elementor-element-130a8da elementor-section-boxed elementor-section-height-default elementor-section-height-default\" data-id=\"130a8da\" data-element_type=\"section\" data-e-type=\"section\" data-settings=\"{&quot;background_background&quot;:&quot;classic&quot;}\">\n\t\t\t\t\t\t<div class=\"elementor-container elementor-column-gap-default\">\n\t\t\t\t\t<div class=\"elementor-column elementor-col-100 elementor-top-column elementor-element elementor-element-6b52ab5\" data-id=\"6b52ab5\" data-element_type=\"column\" data-e-type=\"column\">\n\t\t\t<div class=\"elementor-widget-wrap elementor-element-populated\">\n\t\t\t\t\t\t<div class=\"elementor-element elementor-element-861d9e3 elementor-widget elementor-widget-heading\" data-id=\"861d9e3\" data-element_type=\"widget\" data-e-type=\"widget\" data-widget_type=\"heading.default\">\n\t\t\t\t<div class=\"elementor-widget-container\">\n\t\t\t\t\t<h2 class=\"elementor-heading-title elementor-size-default\"> Massage Lagune<\/h2>\t\t\t\t<\/div>\n\t\t\t\t<\/div>\n\t\t\t\t<div class=\"elementor-element elementor-element-1396dd8 elementor-widget elementor-widget-heading\" data-id=\"1396dd8\" data-element_type=\"widget\" data-e-type=\"widget\" data-widget_type=\"heading.default\">\n\t\t\t\t<div class=\"elementor-widget-container\">\n\t\t\t\t\t<h2 class=\"elementor-heading-title elementor-size-default\">im s`Hexenh\u00e4usle<\/h2>\t\t\t\t<\/div>\n\t\t\t\t<\/div>\n\t\t\t\t\t<\/div>\n\t\t<\/div>\n\t\t\t\t\t<\/div>\n\t\t<\/section>\n\t\t\t\t<section class=\"elementor-section elementor-top-section elementor-element elementor-element-c9f5398 elementor-section-boxed elementor-section-height-default elementor-section-height-default\" data-id=\"c9f5398\" data-element_type=\"section\" data-e-type=\"section\" data-settings=\"{&quot;background_background&quot;:&quot;classic&quot;}\">\n\t\t\t\t\t\t<div class=\"elementor-container elementor-column-gap-default\">\n\t\t\t\t\t<div class=\"elementor-column elementor-col-100 elementor-top-column elementor-element elementor-element-9186cdd\" data-id=\"9186cdd\" data-element_type=\"column\" data-e-type=\"column\">\n\t\t\t<div class=\"elementor-widget-wrap elementor-element-populated\">\n\t\t\t\t\t\t<div class=\"elementor-element elementor-element-ac09179 elementor-widget elementor-widget-spacer\" data-id=\"ac09179\" data-element_type=\"widget\" data-e-type=\"widget\" data-widget_type=\"spacer.default\">\n\t\t\t\t<div class=\"elementor-widget-container\">\n\t\t\t\t\t\t\t<div class=\"elementor-spacer\">\n\t\t\t<div class=\"elementor-spacer-inner\"><\/div>\n\t\t<\/div>\n\t\t\t\t\t\t<\/div>\n\t\t\t\t<\/div>\n\t\t\t\t<div class=\"elementor-element elementor-element-a174cc5 elementor-widget elementor-widget-heading\" data-id=\"a174cc5\" data-element_type=\"widget\" data-e-type=\"widget\" data-widget_type=\"heading.default\">\n\t\t\t\t<div class=\"elementor-widget-container\">\n\t\t\t\t\t<h2 class=\"elementor-heading-title elementor-size-default\">Erotische Massagen sind Tiefenentspannung f\u00fcr Seele und K\u00f6rper<\/h2>\t\t\t\t<\/div>\n\t\t\t\t<\/div>\n\t\t\t\t<div class=\"elementor-element elementor-element-73f3842 elementor-widget elementor-widget-text-editor\" data-id=\"73f3842\" data-element_type=\"widget\" data-e-type=\"widget\" data-widget_type=\"text-editor.default\">\n\t\t\t\t<div class=\"elementor-widget-container\">\n\t\t\t\t\t\t\t\t\t<p style=\"text-align: center;\"><strong>Massage-Service f\u00fcr Sie &amp; Ihn\u00a0<\/strong><\/p><p>F\u00fcr die erste Massage solltest Du eine klassische Erotik Massage w\u00e4hlen,\u00a0um Dich erst einmal mit dem Ablauf vertraut zu machen. Ideal w\u00e4re auch eine Kombi Massage. Dabei w\u00e4hlt die Masseurin aus den verschiedenen Massagen Elemente aus, und stellt sie individuell f\u00fcr dich zusammen. Selbstverst\u00e4ndlich ist bei allen Massage Arten eine oder mehrere Handentspannungen dabei.<\/p><p>\u00a0 \u00a0 \u00a0 \u00a0 \u00a0 \u00a0 \u00a0 \u00a0 \u00a0 \u00a0 \u00a0 \u00a0 \u00a0 \u00a0 \u00a0 \u00a0 \u00a0 \u00a0 \u00a0 \u00a0 \u00a0 \u00a0 \u00a0 \u00a0 \u00a0 \u00a0 \u00a0 \u00a0 \u00a0 \u00a0 \u00a0 \u00a0 \u00a0 \u00a0 \u00a0 \u00a0 \u00a0<em><strong>Genie\u00dfen kann man nach einer Terminvereinbarung, Tel 0731-1403348 oder 01575-8216915<\/strong><\/em><\/p>\t\t\t\t\t\t\t\t<\/div>\n\t\t\t\t<\/div>\n\t\t\t\t<div class=\"elementor-element elementor-element-8f89444 elementor-widget elementor-widget-spacer\" data-id=\"8f89444\" data-element_type=\"widget\" data-e-type=\"widget\" data-widget_type=\"spacer.default\">\n\t\t\t\t<div class=\"elementor-widget-container\">\n\t\t\t\t\t\t\t<div class=\"elementor-spacer\">\n\t\t\t<div class=\"elementor-spacer-inner\"><\/div>\n\t\t<\/div>\n\t\t\t\t\t\t<\/div>\n\t\t\t\t<\/div>\n\t\t\t\t\t<\/div>\n\t\t<\/div>\n\t\t\t\t\t<\/div>\n\t\t<\/section>\n\t\t\t\t<section class=\"elementor-section elementor-top-section elementor-element elementor-element-3978f7e elementor-section-boxed elementor-section-height-default elementor-section-height-default\" data-id=\"3978f7e\" data-element_type=\"section\" data-e-type=\"section\" data-settings=\"{&quot;background_background&quot;:&quot;classic&quot;}\">\n\t\t\t\t\t\t<div class=\"elementor-container elementor-column-gap-default\">\n\t\t\t\t\t<div class=\"elementor-column elementor-col-100 elementor-top-column elementor-element elementor-element-e267bb2\" data-id=\"e267bb2\" data-element_type=\"column\" data-e-type=\"column\">\n\t\t\t<div class=\"elementor-widget-wrap elementor-element-populated\">\n\t\t\t\t\t\t<section class=\"elementor-section elementor-inner-section elementor-element elementor-element-c229082 elementor-section-boxed elementor-section-height-default elementor-section-height-default\" data-id=\"c229082\" data-element_type=\"section\" data-e-type=\"section\">\n\t\t\t\t\t\t<div class=\"elementor-container elementor-column-gap-default\">\n\t\t\t\t\t<div class=\"elementor-column elementor-col-50 elementor-inner-column elementor-element elementor-element-3b0f550\" data-id=\"3b0f550\" data-element_type=\"column\" data-e-type=\"column\">\n\t\t\t<div class=\"elementor-widget-wrap elementor-element-populated\">\n\t\t\t\t\t\t<div class=\"elementor-element elementor-element-8b2e8e3 elementor-widget elementor-widget-heading\" data-id=\"8b2e8e3\" data-element_type=\"widget\" data-e-type=\"widget\" data-widget_type=\"heading.default\">\n\t\t\t\t<div class=\"elementor-widget-container\">\n\t\t\t\t\t<h2 class=\"elementor-heading-title elementor-size-default\">Massage \u2013 Arten<\/h2>\t\t\t\t<\/div>\n\t\t\t\t<\/div>\n\t\t\t\t<div class=\"elementor-element elementor-element-13874ef elementor-widget elementor-widget-text-editor\" data-id=\"13874ef\" data-element_type=\"widget\" data-e-type=\"widget\" data-widget_type=\"text-editor.default\">\n\t\t\t\t<div class=\"elementor-widget-container\">\n\t\t\t\t\t\t\t\t\t<p class=\"font_8\">Erotik Massage\u00a0 \u00a0 \u00a030 Min.\u00a0 45 Min. oder 1 Std.<\/p><p class=\"font_8\"><span class=\"color_30\">Basale &#8211; Stimulations-Massage\u00a0 \u00a01 Std,\u00a0 1,5 Std.\u00a0<\/span><\/p><p class=\"font_8\"><span class=\"color_30\">Tantra &#8211; Massage\u00a0 \u00a01 Std.,\u00a0 1,5 Std.<\/span><\/p><p class=\"font_8\"><span class=\"color_30\">Body to Body Massage\u00a0 \u00a0 \u00a030 Min. 45 Min.\u00a0<\/span><\/p><p class=\"font_8\"><span class=\"color_30\">Dessous-Massage\u00a0 \u00a0 \u00a0 \u00a0 \u00a0 \u00a0 \u00a030 Min. 45 Min.\u00a0<\/span><\/p><p>Kombi Massage\u00a0 \u00a0 \u00a0 \u00a0 \u00a0 \u00a0 \u00a0 \u00a0 \u00a030 Min.\u00a0 45 Min. 1 Std.<\/p><p>Prostata Massage\u00a0 \u00a0 \u00a0 \u00a0 \u00a0 \u00a0 \u00a020 Min.\u00a0 \u00a0<\/p><p>Lingam Massage\u00a0 \u00a0 \u00a0 \u00a0 \u00a0 \u00a0 \u00a0 \u00a020 Min.\u00a0 \u00a0<\/p><p class=\"font_8\"><span class=\"color_30\">Bizarre Massage \u2013 soft bis schmerzhaft = 30 Min. oder 45 Min.<\/span><\/p>\t\t\t\t\t\t\t\t<\/div>\n\t\t\t\t<\/div>\n\t\t\t\t\t<\/div>\n\t\t<\/div>\n\t\t\t\t<div class=\"elementor-column elementor-col-50 elementor-inner-column elementor-element elementor-element-b6ad4ab\" data-id=\"b6ad4ab\" data-element_type=\"column\" data-e-type=\"column\">\n\t\t\t<div class=\"elementor-widget-wrap elementor-element-populated\">\n\t\t\t\t\t\t<div class=\"elementor-element elementor-element-e81f65e elementor-widget elementor-widget-heading\" data-id=\"e81f65e\" data-element_type=\"widget\" data-e-type=\"widget\" data-widget_type=\"heading.default\">\n\t\t\t\t<div class=\"elementor-widget-container\">\n\t\t\t\t\t<h2 class=\"elementor-heading-title elementor-size-default\">Basale-Tantra-Stimulations - Massage<\/h2>\t\t\t\t<\/div>\n\t\t\t\t<\/div>\n\t\t\t\t<div class=\"elementor-element elementor-element-052db7c elementor-widget elementor-widget-text-editor\" data-id=\"052db7c\" data-element_type=\"widget\" data-e-type=\"widget\" data-widget_type=\"text-editor.default\">\n\t\t\t\t<div class=\"elementor-widget-container\">\n\t\t\t\t\t\t\t\t\t<p class=\"font_8\"><span class=\"color_30\">Basale-Stimulations-Massage ist bei Ramona zu buchen<\/span><\/p>\n<p>Bei der <span style=\"color: #952424;\"><strong>Basalen-<\/strong><strong>Tantra-Stimulation-Massage<\/strong> <\/span>werden alle f\u00fcnf Sinne (Riechen, h\u00f6ren, schmecken, sehen f\u00fchlen) angesprochen. Wobei mein Hauptaugenmerk dem&nbsp;F\u00fchlen, Ber\u00fchren, Sp\u00fcren&nbsp;gilt. Eine wohlf\u00fchlende-relaxende-Massage, gepaart mit einer erotischen Lingam Massage. Selbstverst\u00e4ndlich ist auch auf Wunsch eine Prostatamassage m\u00f6glich.<\/p>\n<p>Melde dich einfach f\u00fcr einen Termin telefonisch oder per Whatsapp 0162 6495403. LG Ramona<\/p>\t\t\t\t\t\t\t\t<\/div>\n\t\t\t\t<\/div>\n\t\t\t\t\t<\/div>\n\t\t<\/div>\n\t\t\t\t\t<\/div>\n\t\t<\/section>\n\t\t\t\t<div class=\"elementor-element elementor-element-d2096e4 elementor-widget elementor-widget-spacer\" data-id=\"d2096e4\" data-element_type=\"widget\" data-e-type=\"widget\" data-widget_type=\"spacer.default\">\n\t\t\t\t<div class=\"elementor-widget-container\">\n\t\t\t\t\t\t\t<div class=\"elementor-spacer\">\n\t\t\t<div class=\"elementor-spacer-inner\"><\/div>\n\t\t<\/div>\n\t\t\t\t\t\t<\/div>\n\t\t\t\t<\/div>\n\t\t\t\t<section class=\"elementor-section elementor-inner-section elementor-element elementor-element-c63105a elementor-section-boxed elementor-section-height-default elementor-section-height-default\" data-id=\"c63105a\" data-element_type=\"section\" data-e-type=\"section\">\n\t\t\t\t\t\t<div class=\"elementor-container elementor-column-gap-default\">\n\t\t\t\t\t<div class=\"elementor-column elementor-col-50 elementor-inner-column elementor-element elementor-element-ac943e5\" data-id=\"ac943e5\" data-element_type=\"column\" data-e-type=\"column\">\n\t\t\t<div class=\"elementor-widget-wrap elementor-element-populated\">\n\t\t\t\t\t\t<div class=\"elementor-element elementor-element-7b80fac elementor-widget elementor-widget-heading\" data-id=\"7b80fac\" data-element_type=\"widget\" data-e-type=\"widget\" data-widget_type=\"heading.default\">\n\t\t\t\t<div class=\"elementor-widget-container\">\n\t\t\t\t\t<h2 class=\"elementor-heading-title elementor-size-default\">Fu\u00df-Nylon-Erotik<\/h2>\t\t\t\t<\/div>\n\t\t\t\t<\/div>\n\t\t\t\t<div class=\"elementor-element elementor-element-9905b45 elementor-widget elementor-widget-text-editor\" data-id=\"9905b45\" data-element_type=\"widget\" data-e-type=\"widget\" data-widget_type=\"text-editor.default\">\n\t\t\t\t<div class=\"elementor-widget-container\">\n\t\t\t\t\t\t\t\t\t<p class=\"font_8\"><span class=\"color_30\">Fu\u00df-Nylon-Erotik vom Feinsten!<\/span><\/p><p class=\"font_8\"><span class=\"color_30\">Selbstverst\u00e4ndlich kann man auch erotische Verw\u00f6hnungen dazu buchen.<\/span><\/p><p class=\"font_8\"><span class=\"color_30\">Frag uns einfach!<\/span><\/p>\t\t\t\t\t\t\t\t<\/div>\n\t\t\t\t<\/div>\n\t\t\t\t\t<\/div>\n\t\t<\/div>\n\t\t\t\t<div class=\"elementor-column elementor-col-50 elementor-inner-column elementor-element elementor-element-7828a9e\" data-id=\"7828a9e\" data-element_type=\"column\" data-e-type=\"column\">\n\t\t\t<div class=\"elementor-widget-wrap elementor-element-populated\">\n\t\t\t\t\t\t<div class=\"elementor-element elementor-element-9edca1c elementor-widget elementor-widget-heading\" data-id=\"9edca1c\" data-element_type=\"widget\" data-e-type=\"widget\" data-widget_type=\"heading.default\">\n\t\t\t\t<div class=\"elementor-widget-container\">\n\t\t\t\t\t<h2 class=\"elementor-heading-title elementor-size-default\">Monats Angebot<\/h2>\t\t\t\t<\/div>\n\t\t\t\t<\/div>\n\t\t\t\t<div class=\"elementor-element elementor-element-fce2b4d elementor-widget elementor-widget-text-editor\" data-id=\"fce2b4d\" data-element_type=\"widget\" data-e-type=\"widget\" data-widget_type=\"text-editor.default\">\n\t\t\t\t<div class=\"elementor-widget-container\">\n\t\t\t\t\t\t\t\t\t<p><span style=\"text-decoration: underline;\"><strong>**Aktuelles Angebot: 1 Std. Ungarische-Tantra Massage<\/strong><\/span><\/p>\n<p><strong>**Aktuelles Angebot: 15 oder 20 Min. intensive Lingam Massage auf dem Gynstuhl&nbsp;<\/strong><\/p>\n<p>Preise bitte telefonisch bei Lilly erfragen Tel. 01575 4885405<\/p>\t\t\t\t\t\t\t\t<\/div>\n\t\t\t\t<\/div>\n\t\t\t\t\t<\/div>\n\t\t<\/div>\n\t\t\t\t\t<\/div>\n\t\t<\/section>\n\t\t\t\t<div class=\"elementor-element elementor-element-b65d117 elementor-widget elementor-widget-spacer\" data-id=\"b65d117\" data-element_type=\"widget\" data-e-type=\"widget\" data-widget_type=\"spacer.default\">\n\t\t\t\t<div class=\"elementor-widget-container\">\n\t\t\t\t\t\t\t<div class=\"elementor-spacer\">\n\t\t\t<div class=\"elementor-spacer-inner\"><\/div>\n\t\t<\/div>\n\t\t\t\t\t\t<\/div>\n\t\t\t\t<\/div>\n\t\t\t\t<div class=\"elementor-element elementor-element-42d630b elementor-widget elementor-widget-text-editor\" data-id=\"42d630b\" data-element_type=\"widget\" data-e-type=\"widget\" data-widget_type=\"text-editor.default\">\n\t\t\t\t<div class=\"elementor-widget-container\">\n\t\t\t\t\t\t\t\t\t<p style=\"text-align: center;\">Service und Honorar bitte mit der Dame deiner Wahl pers\u00f6nlich besprechen.\u00a0<\/p>\t\t\t\t\t\t\t\t<\/div>\n\t\t\t\t<\/div>\n\t\t\t\t\t<\/div>\n\t\t<\/div>\n\t\t\t\t\t<\/div>\n\t\t<\/section>\n\t\t\t\t<section class=\"elementor-section elementor-top-section elementor-element elementor-element-98a56c8 elementor-section-boxed elementor-section-height-default elementor-section-height-default\" data-id=\"98a56c8\" data-element_type=\"section\" data-e-type=\"section\" data-settings=\"{&quot;background_background&quot;:&quot;classic&quot;}\">\n\t\t\t\t\t\t<div class=\"elementor-container elementor-column-gap-default\">\n\t\t\t\t\t<div class=\"elementor-column elementor-col-33 elementor-top-column elementor-element elementor-element-147a4dc\" data-id=\"147a4dc\" data-element_type=\"column\" data-e-type=\"column\">\n\t\t\t<div class=\"elementor-widget-wrap\">\n\t\t\t\t\t\t\t<\/div>\n\t\t<\/div>\n\t\t\t\t<div class=\"elementor-column elementor-col-33 elementor-top-column elementor-element elementor-element-9d0caa8\" data-id=\"9d0caa8\" data-element_type=\"column\" data-e-type=\"column\">\n\t\t\t<div class=\"elementor-widget-wrap elementor-element-populated\">\n\t\t\t\t\t\t<div class=\"elementor-element elementor-element-7519a1b elementor-widget elementor-widget-image\" data-id=\"7519a1b\" data-element_type=\"widget\" data-e-type=\"widget\" data-widget_type=\"image.default\">\n\t\t\t\t<div class=\"elementor-widget-container\">\n\t\t\t\t\t\t\t\t\t\t\t\t\t\t\t<img fetchpriority=\"high\" decoding=\"async\" width=\"750\" height=\"94\" src=\"https:\/\/shexenhaeusle.de\/house1\/wp-content\/uploads\/2023\/02\/Banner2-1024x128.png\" class=\"attachment-large size-large wp-image-1367\" alt=\"\" srcset=\"https:\/\/shexenhaeusle.de\/house1\/wp-content\/uploads\/2023\/02\/Banner2-1024x128.png 1024w, https:\/\/shexenhaeusle.de\/house1\/wp-content\/uploads\/2023\/02\/Banner2-300x38.png 300w, https:\/\/shexenhaeusle.de\/house1\/wp-content\/uploads\/2023\/02\/Banner2-768x96.png 768w, https:\/\/shexenhaeusle.de\/house1\/wp-content\/uploads\/2023\/02\/Banner2.png 1200w\" sizes=\"(max-width: 750px) 100vw, 750px\" \/>\t\t\t\t\t\t\t\t\t\t\t\t\t\t\t<\/div>\n\t\t\t\t<\/div>\n\t\t\t\t<div class=\"elementor-element elementor-element-6379458 elementor-widget elementor-widget-text-editor\" data-id=\"6379458\" data-element_type=\"widget\" data-e-type=\"widget\" data-widget_type=\"text-editor.default\">\n\t\t\t\t<div class=\"elementor-widget-container\">\n\t\t\t\t\t\t\t\t\t<div class=\"elementor-element elementor-element-adb884f elementor-widget elementor-widget-text-editor\" data-id=\"adb884f\" data-element_type=\"widget\" data-widget_type=\"text-editor.default\"><div class=\"elementor-widget-container\"><p style=\"text-align: center;\"><span style=\"color: #efefef;\">J\u00e4gerstra\u00dfe 37a<\/span><\/p><p style=\"text-align: center;\"><span style=\"color: #efefef;\">89081 Ulm<\/span><\/p><p style=\"text-align: center;\"><span style=\"color: #efefef;\">0731 \/ 1403348<\/span><\/p><\/div><\/div>\t\t\t\t\t\t\t\t<\/div>\n\t\t\t\t<\/div>\n\t\t\t\t\t<\/div>\n\t\t<\/div>\n\t\t\t\t<div class=\"elementor-column elementor-col-33 elementor-top-column elementor-element elementor-element-cf0ade9\" data-id=\"cf0ade9\" data-element_type=\"column\" data-e-type=\"column\">\n\t\t\t<div class=\"elementor-widget-wrap\">\n\t\t\t\t\t\t\t<\/div>\n\t\t<\/div>\n\t\t\t\t\t<\/div>\n\t\t<\/section>\n\t\t\t\t<\/div>\n\t\t","protected":false},"excerpt":{"rendered":"<p>Massage Lagune im s`Hexenh\u00e4usle Erotische Massagen sind Tiefenentspannung f\u00fcr Seele und K\u00f6rper Massage-Service f\u00fcr Sie &amp; Ihn\u00a0 F\u00fcr die erste Massage solltest Du eine klassische Erotik Massage w\u00e4hlen,\u00a0um Dich erst einmal mit dem Ablauf vertraut zu machen. Ideal w\u00e4re auch eine Kombi Massage. Dabei w\u00e4hlt die Masseurin aus den verschiedenen Massagen Elemente aus, und stellt [&hellip;]<\/p>\n","protected":false},"author":1,"featured_media":0,"parent":0,"menu_order":0,"comment_status":"closed","ping_status":"closed","template":"template-page-builders.php","meta":{"footnotes":""},"class_list":["post-1494","page","type-page","status-publish","hentry"],"_links":{"self":[{"href":"https:\/\/shexenhaeusle.de\/house1\/wp-json\/wp\/v2\/pages\/1494","targetHints":{"allow":["GET"]}}],"collection":[{"href":"https:\/\/shexenhaeusle.de\/house1\/wp-json\/wp\/v2\/pages"}],"about":[{"href":"https:\/\/shexenhaeusle.de\/house1\/wp-json\/wp\/v2\/types\/page"}],"author":[{"embeddable":true,"href":"https:\/\/shexenhaeusle.de\/house1\/wp-json\/wp\/v2\/users\/1"}],"replies":[{"embeddable":true,"href":"https:\/\/shexenhaeusle.de\/house1\/wp-json\/wp\/v2\/comments?post=1494"}],"version-history":[{"count":10,"href":"https:\/\/shexenhaeusle.de\/house1\/wp-json\/wp\/v2\/pages\/1494\/revisions"}],"predecessor-version":[{"id":3901,"href":"https:\/\/shexenhaeusle.de\/house1\/wp-json\/wp\/v2\/pages\/1494\/revisions\/3901"}],"wp:attachment":[{"href":"https:\/\/shexenhaeusle.de\/house1\/wp-json\/wp\/v2\/media?parent=1494"}],"curies":[{"name":"wp","href":"https:\/\/api.w.org\/{rel}","templated":true}]}}